{"id":48662,"date":"2019-09-01T09:36:08","date_gmt":"2019-09-01T01:36:08","guid":{"rendered":"https:\/\/boxpackingsolution.com\/centro-de-descargas\/"},"modified":"2023-09-25T19:56:48","modified_gmt":"2023-09-25T11:56:48","slug":"centro-de-descargas","status":"publish","type":"page","link":"https:\/\/boxpackingsolution.com\/es\/centro-de-descargas\/","title":{"rendered":"Centro de descargas"},"content":{"rendered":"<div class=\"fusion-fullwidth fullwidth-box fusion-builder-row-1 fusion-flex-container nonhundred-percent-fullwidth non-hundred-percent-height-scrolling\" style=\"--awb-border-radius-top-left:0px;--awb-border-radius-top-right:0px;--awb-border-radius-bottom-right:0px;--awb-border-radius-bottom-left:0px;--awb-flex-wrap:wrap;\" ><div class=\"fusion-builder-row fusion-row fusion-flex-align-items-flex-start fusion-flex-content-wrap\" style=\"max-width:calc( 1170px + 0px );margin-left: calc(-0px \/ 2 );margin-right: calc(-0px \/ 2 );\"><div class=\"fusion-layout-column fusion_builder_column fusion-builder-column-0 fusion_builder_column_1_1 1_1 fusion-flex-column\" style=\"--awb-bg-size:cover;--awb-width-large:100%;--awb-margin-top-large:0px;--awb-spacing-right-large:0px;--awb-margin-bottom-large:20px;--awb-spacing-left-large:0px;--awb-width-medium:100%;--awb-spacing-right-medium:0px;--awb-spacing-left-medium:0px;--awb-width-small:100%;--awb-spacing-right-small:0px;--awb-spacing-left-small:0px;\"><div class=\"fusion-column-wrapper fusion-column-has-shadow fusion-flex-justify-content-flex-start fusion-content-layout-column\"><div class=\"fusion-content-boxes content-boxes columns row fusion-columns-1 fusion-columns-total-1 fusion-content-boxes-1 content-boxes-icon-with-title content-left\" style=\"--awb-hover-accent-color:#a0ce4e;--awb-circle-hover-accent-color:#a0ce4e;--awb-item-margin-bottom:40px;\" data-animationOffset=\"top-into-view\"><div style=\"--awb-backgroundcolor:rgba(255,255,255,0);\" class=\"fusion-column content-box-column content-box-column content-box-column-1 col-lg-12 col-md-12 col-sm-12 fusion-content-box-hover content-box-column-last content-box-column-last-in-row\"><div class=\"col content-box-wrapper content-wrapper link-area-link-icon icon-hover-animation-slide\" data-animationOffset=\"top-into-view\"><div class=\"heading heading-with-icon icon-left\"><div class=\"icon\"><i style=\"border-color:rgba(255,255,255,0);border-width:0px;background-color:#6fc91c;box-sizing:content-box;height:50px;width:50px;line-height:50px;border-radius:50%;font-size:25px;\" aria-hidden=\"true\" class=\"fontawesome-icon fa-book fas circle-yes\"><\/i><\/div><h1 class=\"content-box-heading fusion-responsive-typography-calculated\" style=\"--h1_typography-font-size:18px;--fontSize:18;line-height:1.14;\">Cat\u00e1logo de productos<\/h1><\/div><div class=\"fusion-clearfix\"><\/div><div class=\"content-container\">\n<p>El equipo de Shanghai Box Packing Solution actualiza su cat\u00e1logo cada a\u00f1o a mediados de a\u00f1o, siguiendo las tendencias del mercado global de envases de papel. La versi\u00f3n actual del cat\u00e1logo es <strong>2018.V1<\/strong>. Por favor, haga clic para ver nuestro <a href=\"https:\/\/boxpackingsolution.com\/Shanghai-Box-Packing-Solution-team-catalog.pdf\" target=\"_blank\" rel=\"noopener noreferrer\">cat\u00e1logo de envases de papel<\/a> en l\u00ednea o desc\u00e1rguelo para su revisi\u00f3n.<\/p>\n<\/div><\/div><\/div><div class=\"fusion-clearfix\"><\/div><\/div><div class=\"fusion-content-boxes content-boxes columns row fusion-columns-1 fusion-columns-total-1 fusion-content-boxes-2 content-boxes-icon-with-title content-left\" style=\"--awb-hover-accent-color:#a0ce4e;--awb-circle-hover-accent-color:#a0ce4e;--awb-item-margin-bottom:40px;\" data-animationOffset=\"top-into-view\"><div style=\"--awb-backgroundcolor:rgba(255,255,255,0);\" class=\"fusion-column content-box-column content-box-column content-box-column-1 col-lg-12 col-md-12 col-sm-12 fusion-content-box-hover content-box-column-last content-box-column-last-in-row\"><div class=\"col content-box-wrapper content-wrapper link-area-link-icon icon-hover-animation-slide\" data-animationOffset=\"top-into-view\"><div class=\"heading heading-with-icon icon-left\"><div class=\"icon\"><i style=\"border-color:rgba(255,255,255,0);border-width:0px;background-color:#6fc91c;box-sizing:content-box;height:50px;width:50px;line-height:50px;border-radius:50%;font-size:25px;\" aria-hidden=\"true\" class=\"fontawesome-icon fa-equals fas circle-yes\"><\/i><\/div><h1 class=\"content-box-heading fusion-responsive-typography-calculated\" style=\"--h1_typography-font-size:18px;--fontSize:18;line-height:1.14;\">Certificaci\u00f3n ISO | Certificaci\u00f3n FSC | Proveedor valorado<\/h1><\/div><div class=\"fusion-clearfix\"><\/div><div class=\"content-container\">\n<p>Hemos obtenido la certificaci\u00f3n ISO y FSC para brindar confianza a nuestros clientes. Haga clic para ver nuestra <a href=\"https:\/\/boxpackingsolution.com\/ISO-certification.pdf\" target=\"_blank\" rel=\"noopener noreferrer\">certificaci\u00f3n ISO<\/a> en l\u00ednea o desc\u00e1rguela para su revisi\u00f3n.<\/p>\n<p>Haga clic para ver nuestra <a href=\"https:\/\/boxpackingsolution.com\/FSC-certification.pdf\" target=\"_blank\" rel=\"noopener noreferrer\">certificaci\u00f3n FSC<\/a> en l\u00ednea o desc\u00e1rguela para revisarla.<\/p>\n<p>Haga clic para ver a nuestro <a href=\"https:\/\/boxpackingsolution.com\/HME-Valued-Vendor-Report-Shanghai-Custom-Packaging-Co-Ltd.pdf\" target=\"_blank\" rel=\"noopener noreferrer\">valioso proveedor de HME<\/a> en l\u00ednea o desc\u00e1rguelo para revisarlo.<\/p>\n<\/div><\/div><\/div><div class=\"fusion-clearfix\"><\/div><\/div><div class=\"fusion-content-boxes content-boxes columns row fusion-columns-1 fusion-columns-total-1 fusion-content-boxes-3 content-boxes-icon-with-title content-left\" style=\"--awb-hover-accent-color:#a0ce4e;--awb-circle-hover-accent-color:#a0ce4e;--awb-item-margin-bottom:40px;\" data-animationOffset=\"top-into-view\"><div style=\"--awb-backgroundcolor:rgba(255,255,255,0);\" class=\"fusion-column content-box-column content-box-column content-box-column-1 col-lg-12 col-md-12 col-sm-12 fusion-content-box-hover content-box-column-last content-box-column-last-in-row\"><div class=\"col content-box-wrapper content-wrapper link-area-link-icon icon-hover-animation-slide\" data-animationOffset=\"top-into-view\"><div class=\"heading heading-with-icon icon-left\"><div class=\"icon\"><i style=\"border-color:rgba(255,255,255,0);border-width:0px;background-color:#6fc91c;box-sizing:content-box;height:50px;width:50px;line-height:50px;border-radius:50%;font-size:25px;\" aria-hidden=\"true\" class=\"fontawesome-icon fa-arrow-circle-down fas circle-yes\"><\/i><\/div><h1 class=\"content-box-heading fusion-responsive-typography-calculated\" style=\"--h1_typography-font-size:18px;--fontSize:18;line-height:1.14;\">Dise\u00f1o troquelado gratuito<\/h1><\/div><div class=\"fusion-clearfix\"><\/div><div class=\"content-container\">\n<p>Por favor, verifique nuestro dise\u00f1o de troquelado gratuito en l\u00ednea. Si encuentra algo que le interese, av\u00edsenos. Le gustar\u00eda descargar m\u00e1s de 350 archivos de dise\u00f1o de envases individuales en formato AI, consulte nuestras <a href=\"https:\/\/boxpackingsolution.com\/es\/48650-2\/\" target=\"_blank\" rel=\"noopener noreferrer\">plantillas de dise\u00f1o de caja gratuitas<\/a>.<\/p>\n<p>Por favor, haga clic para ver nuestros <a href=\"https:\/\/boxpackingsolution.com\/Boxes-and-bags-style-reference.pdf\" target=\"_blank\" rel=\"noopener noreferrer\">ESTILOS DE CAJAS Y BOLSAS<\/a> en l\u00ednea o desc\u00e1rguelos para revisarlos.<\/p>\n<p>Si desea obtener una amplia variedad de dise\u00f1os solo para cajas, consulte nuestros <a href=\"https:\/\/boxpackingsolution.com\/free-die-cut-design-for-paper-packagings.pdf\" target=\"_blank\" rel=\"noopener noreferrer\">Dise\u00f1os GRATUITOS de cajas troqueladas<\/a>.<\/p>\n<\/div><\/div><\/div><div class=\"fusion-clearfix\"><\/div><\/div><\/div><\/div><\/div><\/div>\n","protected":false},"excerpt":{"rendered":"","protected":false},"author":1,"featured_media":0,"parent":0,"menu_order":0,"comment_status":"closed","ping_status":"closed","template":"","meta":{"footnotes":""},"class_list":["post-48662","page","type-page","status-publish","hentry"],"yoast_head":"<!-- This site is optimized with the Yoast SEO plugin v27.3 - https:\/\/yoast.com\/product\/yoast-seo-wordpress\/ -->\n<title>Centro de descargas - Shanghai Custom Packaging Co., Ltd<\/title>\n<meta name=\"description\" content=\"Descargue nuestro cat\u00e1logo, certificaciones y algunas \u00fatiles plantillas troqueladas de cajas de embalaje. Si tiene alguna pregunta, no dude en contactarnos.\" \/>\n<meta name=\"robots\" content=\"index, follow, max-snippet:-1, max-image-preview:large, max-video-preview:-1\" \/>\n<link rel=\"canonical\" href=\"https:\/\/boxpackingsolution.com\/catalog-and-certifications-download\/\" \/>\n<meta property=\"og:locale\" content=\"es_ES\" \/>\n<meta property=\"og:type\" content=\"article\" \/>\n<meta property=\"og:title\" content=\"Centro de descargas - Shanghai Custom Packaging Co., Ltd\" \/>\n<meta property=\"og:description\" content=\"Descargue nuestro cat\u00e1logo, certificaciones y algunas \u00fatiles plantillas troqueladas de cajas de embalaje. Si tiene alguna pregunta, no dude en contactarnos.\" \/>\n<meta property=\"og:url\" content=\"https:\/\/boxpackingsolution.com\/catalog-and-certifications-download\/\" \/>\n<meta property=\"og:site_name\" content=\"Shanghai Custom Packaging Co., Ltd\" \/>\n<meta property=\"article:publisher\" content=\"https:\/\/www.facebook.com\/shanghaicustompackaging\/\" \/>\n<meta property=\"article:modified_time\" content=\"2023-09-25T11:56:48+00:00\" \/>\n<meta property=\"og:image\" content=\"https:\/\/boxpackingsolution.com\/wp-content\/uploads\/2020\/06\/Corporation-History.jpg\" \/>\n\t<meta property=\"og:image:width\" content=\"2000\" \/>\n\t<meta property=\"og:image:height\" content=\"1044\" \/>\n\t<meta property=\"og:image:type\" content=\"image\/jpeg\" \/>\n<meta name=\"twitter:card\" content=\"summary_large_image\" \/>\n<meta name=\"twitter:site\" content=\"@custompacking\" \/>\n<meta name=\"twitter:label1\" content=\"Tiempo de lectura\" \/>\n\t<meta name=\"twitter:data1\" content=\"3 minutos\" \/>\n<script type=\"application\/ld+json\" class=\"yoast-schema-graph\">{\"@context\":\"https:\\\/\\\/schema.org\",\"@graph\":[{\"@type\":\"WebPage\",\"@id\":\"https:\\\/\\\/boxpackingsolution.com\\\/catalog-and-certifications-download\\\/\",\"url\":\"https:\\\/\\\/boxpackingsolution.com\\\/catalog-and-certifications-download\\\/\",\"name\":\"Centro de descargas - Shanghai Custom Packaging Co., Ltd\",\"isPartOf\":{\"@id\":\"https:\\\/\\\/boxpackingsolution.com\\\/#website\"},\"datePublished\":\"2019-09-01T01:36:08+00:00\",\"dateModified\":\"2023-09-25T11:56:48+00:00\",\"description\":\"Descargue nuestro cat\u00e1logo, certificaciones y algunas \u00fatiles plantillas troqueladas de cajas de embalaje. Si tiene alguna pregunta, no dude en contactarnos.\",\"breadcrumb\":{\"@id\":\"https:\\\/\\\/boxpackingsolution.com\\\/catalog-and-certifications-download\\\/#breadcrumb\"},\"inLanguage\":\"es\",\"potentialAction\":[{\"@type\":\"ReadAction\",\"target\":[\"https:\\\/\\\/boxpackingsolution.com\\\/catalog-and-certifications-download\\\/\"]}]},{\"@type\":\"BreadcrumbList\",\"@id\":\"https:\\\/\\\/boxpackingsolution.com\\\/catalog-and-certifications-download\\\/#breadcrumb\",\"itemListElement\":[{\"@type\":\"ListItem\",\"position\":1,\"name\":\"Home\",\"item\":\"https:\\\/\\\/boxpackingsolution.com\\\/es\\\/\"},{\"@type\":\"ListItem\",\"position\":2,\"name\":\"Centro de descargas\"}]},{\"@type\":\"WebSite\",\"@id\":\"https:\\\/\\\/boxpackingsolution.com\\\/#website\",\"url\":\"https:\\\/\\\/boxpackingsolution.com\\\/\",\"name\":\"Shanghai Custom Packaging Co., Ltd\",\"description\":\"A Professional Custom Boxes Supplier\",\"publisher\":{\"@id\":\"https:\\\/\\\/boxpackingsolution.com\\\/#organization\"},\"alternateName\":\"SCP\",\"potentialAction\":[{\"@type\":\"SearchAction\",\"target\":{\"@type\":\"EntryPoint\",\"urlTemplate\":\"https:\\\/\\\/boxpackingsolution.com\\\/?s={search_term_string}\"},\"query-input\":{\"@type\":\"PropertyValueSpecification\",\"valueRequired\":true,\"valueName\":\"search_term_string\"}}],\"inLanguage\":\"es\"},{\"@type\":\"Organization\",\"@id\":\"https:\\\/\\\/boxpackingsolution.com\\\/#organization\",\"name\":\"Shanghai Custom Packaging Co., Ltd\",\"alternateName\":\"SCP\",\"url\":\"https:\\\/\\\/boxpackingsolution.com\\\/\",\"logo\":{\"@type\":\"ImageObject\",\"inLanguage\":\"es\",\"@id\":\"https:\\\/\\\/boxpackingsolution.com\\\/#\\\/schema\\\/logo\\\/image\\\/\",\"url\":\"https:\\\/\\\/boxpackingsolution.com\\\/wp-content\\\/uploads\\\/2019\\\/09\\\/BPS-logo-2x-retina-size.png\",\"contentUrl\":\"https:\\\/\\\/boxpackingsolution.com\\\/wp-content\\\/uploads\\\/2019\\\/09\\\/BPS-logo-2x-retina-size.png\",\"width\":252,\"height\":84,\"caption\":\"Shanghai Custom Packaging Co., Ltd\"},\"image\":{\"@id\":\"https:\\\/\\\/boxpackingsolution.com\\\/#\\\/schema\\\/logo\\\/image\\\/\"},\"sameAs\":[\"https:\\\/\\\/www.facebook.com\\\/shanghaicustompackaging\\\/\",\"https:\\\/\\\/x.com\\\/custompacking\",\"https:\\\/\\\/www.youtube.com\\\/@packagingbox\"]}]}<\/script>\n<!-- \/ Yoast SEO plugin. -->","yoast_head_json":{"title":"Centro de descargas - Shanghai Custom Packaging Co., Ltd","description":"Descargue nuestro cat\u00e1logo, certificaciones y algunas \u00fatiles plantillas troqueladas de cajas de embalaje. Si tiene alguna pregunta, no dude en contactarnos.","robots":{"index":"index","follow":"follow","max-snippet":"max-snippet:-1","max-image-preview":"max-image-preview:large","max-video-preview":"max-video-preview:-1"},"canonical":"https:\/\/boxpackingsolution.com\/catalog-and-certifications-download\/","og_locale":"es_ES","og_type":"article","og_title":"Centro de descargas - Shanghai Custom Packaging Co., Ltd","og_description":"Descargue nuestro cat\u00e1logo, certificaciones y algunas \u00fatiles plantillas troqueladas de cajas de embalaje. Si tiene alguna pregunta, no dude en contactarnos.","og_url":"https:\/\/boxpackingsolution.com\/catalog-and-certifications-download\/","og_site_name":"Shanghai Custom Packaging Co., Ltd","article_publisher":"https:\/\/www.facebook.com\/shanghaicustompackaging\/","article_modified_time":"2023-09-25T11:56:48+00:00","og_image":[{"width":2000,"height":1044,"url":"https:\/\/boxpackingsolution.com\/wp-content\/uploads\/2020\/06\/Corporation-History.jpg","type":"image\/jpeg"}],"twitter_card":"summary_large_image","twitter_site":"@custompacking","twitter_misc":{"Tiempo de lectura":"3 minutos"},"schema":{"@context":"https:\/\/schema.org","@graph":[{"@type":"WebPage","@id":"https:\/\/boxpackingsolution.com\/catalog-and-certifications-download\/","url":"https:\/\/boxpackingsolution.com\/catalog-and-certifications-download\/","name":"Centro de descargas - Shanghai Custom Packaging Co., Ltd","isPartOf":{"@id":"https:\/\/boxpackingsolution.com\/#website"},"datePublished":"2019-09-01T01:36:08+00:00","dateModified":"2023-09-25T11:56:48+00:00","description":"Descargue nuestro cat\u00e1logo, certificaciones y algunas \u00fatiles plantillas troqueladas de cajas de embalaje. Si tiene alguna pregunta, no dude en contactarnos.","breadcrumb":{"@id":"https:\/\/boxpackingsolution.com\/catalog-and-certifications-download\/#breadcrumb"},"inLanguage":"es","potentialAction":[{"@type":"ReadAction","target":["https:\/\/boxpackingsolution.com\/catalog-and-certifications-download\/"]}]},{"@type":"BreadcrumbList","@id":"https:\/\/boxpackingsolution.com\/catalog-and-certifications-download\/#breadcrumb","itemListElement":[{"@type":"ListItem","position":1,"name":"Home","item":"https:\/\/boxpackingsolution.com\/es\/"},{"@type":"ListItem","position":2,"name":"Centro de descargas"}]},{"@type":"WebSite","@id":"https:\/\/boxpackingsolution.com\/#website","url":"https:\/\/boxpackingsolution.com\/","name":"Shanghai Custom Packaging Co., Ltd","description":"A Professional Custom Boxes Supplier","publisher":{"@id":"https:\/\/boxpackingsolution.com\/#organization"},"alternateName":"SCP","potentialAction":[{"@type":"SearchAction","target":{"@type":"EntryPoint","urlTemplate":"https:\/\/boxpackingsolution.com\/?s={search_term_string}"},"query-input":{"@type":"PropertyValueSpecification","valueRequired":true,"valueName":"search_term_string"}}],"inLanguage":"es"},{"@type":"Organization","@id":"https:\/\/boxpackingsolution.com\/#organization","name":"Shanghai Custom Packaging Co., Ltd","alternateName":"SCP","url":"https:\/\/boxpackingsolution.com\/","logo":{"@type":"ImageObject","inLanguage":"es","@id":"https:\/\/boxpackingsolution.com\/#\/schema\/logo\/image\/","url":"https:\/\/boxpackingsolution.com\/wp-content\/uploads\/2019\/09\/BPS-logo-2x-retina-size.png","contentUrl":"https:\/\/boxpackingsolution.com\/wp-content\/uploads\/2019\/09\/BPS-logo-2x-retina-size.png","width":252,"height":84,"caption":"Shanghai Custom Packaging Co., Ltd"},"image":{"@id":"https:\/\/boxpackingsolution.com\/#\/schema\/logo\/image\/"},"sameAs":["https:\/\/www.facebook.com\/shanghaicustompackaging\/","https:\/\/x.com\/custompacking","https:\/\/www.youtube.com\/@packagingbox"]}]}},"_links":{"self":[{"href":"https:\/\/boxpackingsolution.com\/es\/wp-json\/wp\/v2\/pages\/48662","targetHints":{"allow":["GET"]}}],"collection":[{"href":"https:\/\/boxpackingsolution.com\/es\/wp-json\/wp\/v2\/pages"}],"about":[{"href":"https:\/\/boxpackingsolution.com\/es\/wp-json\/wp\/v2\/types\/page"}],"author":[{"embeddable":true,"href":"https:\/\/boxpackingsolution.com\/es\/wp-json\/wp\/v2\/users\/1"}],"replies":[{"embeddable":true,"href":"https:\/\/boxpackingsolution.com\/es\/wp-json\/wp\/v2\/comments?post=48662"}],"version-history":[{"count":0,"href":"https:\/\/boxpackingsolution.com\/es\/wp-json\/wp\/v2\/pages\/48662\/revisions"}],"wp:attachment":[{"href":"https:\/\/boxpackingsolution.com\/es\/wp-json\/wp\/v2\/media?parent=48662"}],"curies":[{"name":"wp","href":"https:\/\/api.w.org\/{rel}","templated":true}]}}