{"id":45975,"date":"2019-09-01T09:36:08","date_gmt":"2019-09-01T01:36:08","guid":{"rendered":"https:\/\/boxpackingsolution.com\/centre-de-telechargement\/"},"modified":"2023-06-30T15:32:14","modified_gmt":"2023-06-30T07:32:14","slug":"centre-de-telechargement","status":"publish","type":"page","link":"https:\/\/boxpackingsolution.com\/fr\/centre-de-telechargement\/","title":{"rendered":"centre de t\u00e9l\u00e9chargement"},"content":{"rendered":"<div class=\"fusion-fullwidth fullwidth-box fusion-builder-row-1 fusion-flex-container nonhundred-percent-fullwidth non-hundred-percent-height-scrolling\" style=\"--awb-border-radius-top-left:0px;--awb-border-radius-top-right:0px;--awb-border-radius-bottom-right:0px;--awb-border-radius-bottom-left:0px;--awb-flex-wrap:wrap;\" ><div class=\"fusion-builder-row fusion-row fusion-flex-align-items-flex-start fusion-flex-content-wrap\" style=\"max-width:calc( 1170px + 0px );margin-left: calc(-0px \/ 2 );margin-right: calc(-0px \/ 2 );\"><div class=\"fusion-layout-column fusion_builder_column fusion-builder-column-0 fusion_builder_column_1_1 1_1 fusion-flex-column\" style=\"--awb-bg-size:cover;--awb-width-large:100%;--awb-margin-top-large:0px;--awb-spacing-right-large:0px;--awb-margin-bottom-large:20px;--awb-spacing-left-large:0px;--awb-width-medium:100%;--awb-spacing-right-medium:0px;--awb-spacing-left-medium:0px;--awb-width-small:100%;--awb-spacing-right-small:0px;--awb-spacing-left-small:0px;\"><div class=\"fusion-column-wrapper fusion-column-has-shadow fusion-flex-justify-content-flex-start fusion-content-layout-column\"><div class=\"fusion-content-boxes content-boxes columns row fusion-columns-1 fusion-columns-total-1 fusion-content-boxes-1 content-boxes-icon-with-title content-left\" style=\"--awb-hover-accent-color:#a0ce4e;--awb-circle-hover-accent-color:#a0ce4e;--awb-item-margin-bottom:40px;\" data-animationOffset=\"top-into-view\"><div style=\"--awb-backgroundcolor:rgba(255,255,255,0);\" class=\"fusion-column content-box-column content-box-column content-box-column-1 col-lg-12 col-md-12 col-sm-12 fusion-content-box-hover content-box-column-last content-box-column-last-in-row\"><div class=\"col content-box-wrapper content-wrapper link-area-link-icon icon-hover-animation-slide\" data-animationOffset=\"top-into-view\"><div class=\"heading heading-with-icon icon-left\"><div class=\"icon\"><i style=\"border-color:rgba(255,255,255,0);border-width:0px;background-color:#6fc91c;box-sizing:content-box;height:50px;width:50px;line-height:50px;border-radius:50%;font-size:25px;\" aria-hidden=\"true\" class=\"fontawesome-icon fa-book fas circle-yes\"><\/i><\/div><h1 class=\"content-box-heading fusion-responsive-typography-calculated\" style=\"--h1_typography-font-size:18px;--fontSize:18;line-height:1.14;\">Catalogue de produits<\/h1><\/div><div class=\"fusion-clearfix\"><\/div><div class=\"content-container\">\n<p>L&rsquo;\u00e9quipe de Shanghai Box Packing Solution met \u00e0 jour son catalogue chaque ann\u00e9e au milieu, le catalogue suit la tendance du march\u00e9 mondial de l&#8217;emballage en papier. maintenant la version d&#8217;emballage est <a href=\"https:\/\/boxpackingsolution.com\/Shanghai-Box-Packing-Solution-team-catalog.pdf\" target=\"_blank\" rel=\"noopener noreferrer\">2018.V1<\/a> Veuillez cliquer pour voir notre <strong>catalogue d&#8217;emballage en papier<\/strong> en ligne, ou t\u00e9l\u00e9chargez-le pour un examen.<\/p>\n<\/div><\/div><\/div><div class=\"fusion-clearfix\"><\/div><\/div><div class=\"fusion-content-boxes content-boxes columns row fusion-columns-1 fusion-columns-total-1 fusion-content-boxes-2 content-boxes-icon-with-title content-left\" style=\"--awb-hover-accent-color:#a0ce4e;--awb-circle-hover-accent-color:#a0ce4e;--awb-item-margin-bottom:40px;\" data-animationOffset=\"top-into-view\"><div style=\"--awb-backgroundcolor:rgba(255,255,255,0);\" class=\"fusion-column content-box-column content-box-column content-box-column-1 col-lg-12 col-md-12 col-sm-12 fusion-content-box-hover content-box-column-last content-box-column-last-in-row\"><div class=\"col content-box-wrapper content-wrapper link-area-link-icon icon-hover-animation-slide\" data-animationOffset=\"top-into-view\"><div class=\"heading heading-with-icon icon-left\"><div class=\"icon\"><i style=\"border-color:rgba(255,255,255,0);border-width:0px;background-color:#6fc91c;box-sizing:content-box;height:50px;width:50px;line-height:50px;border-radius:50%;font-size:25px;\" aria-hidden=\"true\" class=\"fontawesome-icon fa-equals fas circle-yes\"><\/i><\/div><h1 class=\"content-box-heading fusion-responsive-typography-calculated\" style=\"--h1_typography-font-size:18px;--fontSize:18;line-height:1.14;\">Certification ISO | Certification FSC | Vendeur estim\u00e9<\/h1><\/div><div class=\"fusion-clearfix\"><\/div><div class=\"content-container\">\n<p>Nous avons pass\u00e9 les certifications ISO et FSC, pour donner confiance \u00e0 nos clients. Veuillez cliquer pour voir notre <a href=\"https:\/\/boxpackingsolution.com\/ISO-certification.pdf\" target=\"_blank\" rel=\"noopener noreferrer\">certification ISO<\/a> en ligne, ou t\u00e9l\u00e9chargez-la pour un examen.<\/p>\n<p>Veuillez cliquer pour voir notre <a href=\"https:\/\/boxpackingsolution.com\/FSC-certification.pdf\" target=\"_blank\" rel=\"noopener noreferrer\">certification FSC<\/a> en ligne, ou t\u00e9l\u00e9chargez-la pour un examen.<\/p>\n<p>Veuillez cliquer pour voir notre <a href=\"https:\/\/boxpackingsolution.com\/HME-Valued-Vendor-Report-Shanghai-Custom-Packaging-Co-Ltd.pdf\" target=\"_blank\" rel=\"noopener noreferrer\">fournisseur de valeur HME<\/a> en ligne, ou t\u00e9l\u00e9chargez-le pour un examen.<\/p>\n<\/div><\/div><\/div><div class=\"fusion-clearfix\"><\/div><\/div><div class=\"fusion-content-boxes content-boxes columns row fusion-columns-1 fusion-columns-total-1 fusion-content-boxes-3 content-boxes-icon-with-title content-left\" style=\"--awb-hover-accent-color:#a0ce4e;--awb-circle-hover-accent-color:#a0ce4e;--awb-item-margin-bottom:40px;\" data-animationOffset=\"top-into-view\"><div style=\"--awb-backgroundcolor:rgba(255,255,255,0);\" class=\"fusion-column content-box-column content-box-column content-box-column-1 col-lg-12 col-md-12 col-sm-12 fusion-content-box-hover content-box-column-last content-box-column-last-in-row\"><div class=\"col content-box-wrapper content-wrapper link-area-link-icon icon-hover-animation-slide\" data-animationOffset=\"top-into-view\"><div class=\"heading heading-with-icon icon-left\"><div class=\"icon\"><i style=\"border-color:rgba(255,255,255,0);border-width:0px;background-color:#6fc91c;box-sizing:content-box;height:50px;width:50px;line-height:50px;border-radius:50%;font-size:25px;\" aria-hidden=\"true\" class=\"fontawesome-icon fa-arrow-circle-down fas circle-yes\"><\/i><\/div><h1 class=\"content-box-heading fusion-responsive-typography-calculated\" style=\"--h1_typography-font-size:18px;--fontSize:18;line-height:1.14;\">Conception gratuite de d\u00e9coupe personnalis\u00e9e<\/h1><\/div><div class=\"fusion-clearfix\"><\/div><div class=\"content-container\">\n<p>Veuillez consulter notre conception de d\u00e9coupe gratuite en ligne, si vous trouvez quelque chose qui vous int\u00e9resse, faites-le nous savoir. Si vous souhaitez t\u00e9l\u00e9charger plus de 350 fichiers de conception d&#8217;emballages individuels au format AI, consultez notre <a href=\"https:\/\/boxpackingsolution.com\/fr\/modele-de-conception-de-boite-gratuit\/\" target=\"_blank\" rel=\"noopener noreferrer\">mod\u00e8le de conception de bo\u00eete gratuit<\/a>.<\/p>\n<p>Veuillez cliquer pour voir nos <a href=\"https:\/\/boxpackingsolution.com\/Boxes-and-bags-style-reference.pdf\" target=\"_blank\" rel=\"noopener noreferrer\">styles de bo\u00eetes et de sacs<\/a> en ligne, ou t\u00e9l\u00e9chargez-les pour un examen.<\/p>\n<p>Si vous souhaitez obtenir une large gamme de conceptions pour les bo\u00eetes uniquement, veuillez vous r\u00e9f\u00e9rer \u00e0 notre <a href=\"https:\/\/boxpackingsolution.com\/free-die-cut-design-for-paper-packagings.pdf\" target=\"_blank\" rel=\"noopener noreferrer\">Conception de bo\u00eete d\u00e9coup\u00e9e GRATUITE<\/a><\/p>\n<\/div><\/div><\/div><div class=\"fusion-clearfix\"><\/div><\/div><\/div><\/div><\/div><\/div>\n","protected":false},"excerpt":{"rendered":"","protected":false},"author":1,"featured_media":43516,"parent":0,"menu_order":0,"comment_status":"closed","ping_status":"closed","template":"","meta":{"footnotes":""},"class_list":["post-45975","page","type-page","status-publish","has-post-thumbnail","hentry"],"yoast_head":"<!-- This site is optimized with the Yoast SEO plugin v27.3 - https:\/\/yoast.com\/product\/yoast-seo-wordpress\/ -->\n<title>centre de t\u00e9l\u00e9chargement - Shanghai Custom Packaging Co., Ltd<\/title>\n<meta name=\"description\" content=\"T\u00e9l\u00e9chargez notre catalogue, nos certifications, ainsi que des mod\u00e8les de d\u00e9coupe de bo\u00eetes d&#039;emballage utiles. Si vous avez des questions, n&#039;h\u00e9sitez pas \u00e0 nous contacter.\" \/>\n<meta name=\"robots\" content=\"index, follow, max-snippet:-1, max-image-preview:large, max-video-preview:-1\" \/>\n<link rel=\"canonical\" href=\"https:\/\/boxpackingsolution.com\/catalog-and-certifications-download\/\" \/>\n<meta property=\"og:locale\" content=\"fr_FR\" \/>\n<meta property=\"og:type\" content=\"article\" \/>\n<meta property=\"og:title\" content=\"centre de t\u00e9l\u00e9chargement - Shanghai Custom Packaging Co., Ltd\" \/>\n<meta property=\"og:description\" content=\"T\u00e9l\u00e9chargez notre catalogue, nos certifications, ainsi que des mod\u00e8les de d\u00e9coupe de bo\u00eetes d&#039;emballage utiles. Si vous avez des questions, n&#039;h\u00e9sitez pas \u00e0 nous contacter.\" \/>\n<meta property=\"og:url\" content=\"https:\/\/boxpackingsolution.com\/catalog-and-certifications-download\/\" \/>\n<meta property=\"og:site_name\" content=\"Shanghai Custom Packaging Co., Ltd\" \/>\n<meta property=\"article:publisher\" content=\"https:\/\/www.facebook.com\/shanghaicustompackaging\/\" \/>\n<meta property=\"article:modified_time\" content=\"2023-06-30T07:32:14+00:00\" \/>\n<meta property=\"og:image\" content=\"https:\/\/boxpackingsolution.com\/wp-content\/uploads\/2020\/09\/Download-Center.jpg\" \/>\n\t<meta property=\"og:image:width\" content=\"1280\" \/>\n\t<meta property=\"og:image:height\" content=\"1280\" \/>\n\t<meta property=\"og:image:type\" content=\"image\/jpeg\" \/>\n<meta name=\"twitter:card\" content=\"summary_large_image\" \/>\n<meta name=\"twitter:site\" content=\"@custompacking\" \/>\n<meta name=\"twitter:label1\" content=\"Dur\u00e9e de lecture estim\u00e9e\" \/>\n\t<meta name=\"twitter:data1\" content=\"3 minutes\" \/>\n<script type=\"application\/ld+json\" class=\"yoast-schema-graph\">{\"@context\":\"https:\\\/\\\/schema.org\",\"@graph\":[{\"@type\":\"WebPage\",\"@id\":\"https:\\\/\\\/boxpackingsolution.com\\\/catalog-and-certifications-download\\\/\",\"url\":\"https:\\\/\\\/boxpackingsolution.com\\\/catalog-and-certifications-download\\\/\",\"name\":\"centre de t\u00e9l\u00e9chargement - Shanghai Custom Packaging Co., Ltd\",\"isPartOf\":{\"@id\":\"https:\\\/\\\/boxpackingsolution.com\\\/#website\"},\"primaryImageOfPage\":{\"@id\":\"https:\\\/\\\/boxpackingsolution.com\\\/catalog-and-certifications-download\\\/#primaryimage\"},\"image\":{\"@id\":\"https:\\\/\\\/boxpackingsolution.com\\\/catalog-and-certifications-download\\\/#primaryimage\"},\"thumbnailUrl\":\"https:\\\/\\\/boxpackingsolution.com\\\/wp-content\\\/uploads\\\/2020\\\/09\\\/Download-Center.jpg\",\"datePublished\":\"2019-09-01T01:36:08+00:00\",\"dateModified\":\"2023-06-30T07:32:14+00:00\",\"description\":\"T\u00e9l\u00e9chargez notre catalogue, nos certifications, ainsi que des mod\u00e8les de d\u00e9coupe de bo\u00eetes d'emballage utiles. Si vous avez des questions, n'h\u00e9sitez pas \u00e0 nous contacter.\",\"breadcrumb\":{\"@id\":\"https:\\\/\\\/boxpackingsolution.com\\\/catalog-and-certifications-download\\\/#breadcrumb\"},\"inLanguage\":\"fr-FR\",\"potentialAction\":[{\"@type\":\"ReadAction\",\"target\":[\"https:\\\/\\\/boxpackingsolution.com\\\/catalog-and-certifications-download\\\/\"]}]},{\"@type\":\"ImageObject\",\"inLanguage\":\"fr-FR\",\"@id\":\"https:\\\/\\\/boxpackingsolution.com\\\/catalog-and-certifications-download\\\/#primaryimage\",\"url\":\"https:\\\/\\\/boxpackingsolution.com\\\/wp-content\\\/uploads\\\/2020\\\/09\\\/Download-Center.jpg\",\"contentUrl\":\"https:\\\/\\\/boxpackingsolution.com\\\/wp-content\\\/uploads\\\/2020\\\/09\\\/Download-Center.jpg\",\"width\":1280,\"height\":1280,\"caption\":\"Download Center\"},{\"@type\":\"BreadcrumbList\",\"@id\":\"https:\\\/\\\/boxpackingsolution.com\\\/catalog-and-certifications-download\\\/#breadcrumb\",\"itemListElement\":[{\"@type\":\"ListItem\",\"position\":1,\"name\":\"Home\",\"item\":\"https:\\\/\\\/boxpackingsolution.com\\\/fr\\\/\"},{\"@type\":\"ListItem\",\"position\":2,\"name\":\"centre de t\u00e9l\u00e9chargement\"}]},{\"@type\":\"WebSite\",\"@id\":\"https:\\\/\\\/boxpackingsolution.com\\\/#website\",\"url\":\"https:\\\/\\\/boxpackingsolution.com\\\/\",\"name\":\"Shanghai Custom Packaging Co., Ltd\",\"description\":\"A Professional Custom Boxes Supplier\",\"publisher\":{\"@id\":\"https:\\\/\\\/boxpackingsolution.com\\\/#organization\"},\"alternateName\":\"SCP\",\"potentialAction\":[{\"@type\":\"SearchAction\",\"target\":{\"@type\":\"EntryPoint\",\"urlTemplate\":\"https:\\\/\\\/boxpackingsolution.com\\\/?s={search_term_string}\"},\"query-input\":{\"@type\":\"PropertyValueSpecification\",\"valueRequired\":true,\"valueName\":\"search_term_string\"}}],\"inLanguage\":\"fr-FR\"},{\"@type\":\"Organization\",\"@id\":\"https:\\\/\\\/boxpackingsolution.com\\\/#organization\",\"name\":\"Shanghai Custom Packaging Co., Ltd\",\"alternateName\":\"SCP\",\"url\":\"https:\\\/\\\/boxpackingsolution.com\\\/\",\"logo\":{\"@type\":\"ImageObject\",\"inLanguage\":\"fr-FR\",\"@id\":\"https:\\\/\\\/boxpackingsolution.com\\\/#\\\/schema\\\/logo\\\/image\\\/\",\"url\":\"https:\\\/\\\/boxpackingsolution.com\\\/wp-content\\\/uploads\\\/2019\\\/09\\\/BPS-logo-2x-retina-size.png\",\"contentUrl\":\"https:\\\/\\\/boxpackingsolution.com\\\/wp-content\\\/uploads\\\/2019\\\/09\\\/BPS-logo-2x-retina-size.png\",\"width\":252,\"height\":84,\"caption\":\"Shanghai Custom Packaging Co., Ltd\"},\"image\":{\"@id\":\"https:\\\/\\\/boxpackingsolution.com\\\/#\\\/schema\\\/logo\\\/image\\\/\"},\"sameAs\":[\"https:\\\/\\\/www.facebook.com\\\/shanghaicustompackaging\\\/\",\"https:\\\/\\\/x.com\\\/custompacking\",\"https:\\\/\\\/www.youtube.com\\\/@packagingbox\"]}]}<\/script>\n<!-- \/ Yoast SEO plugin. -->","yoast_head_json":{"title":"centre de t\u00e9l\u00e9chargement - Shanghai Custom Packaging Co., Ltd","description":"T\u00e9l\u00e9chargez notre catalogue, nos certifications, ainsi que des mod\u00e8les de d\u00e9coupe de bo\u00eetes d'emballage utiles. Si vous avez des questions, n'h\u00e9sitez pas \u00e0 nous contacter.","robots":{"index":"index","follow":"follow","max-snippet":"max-snippet:-1","max-image-preview":"max-image-preview:large","max-video-preview":"max-video-preview:-1"},"canonical":"https:\/\/boxpackingsolution.com\/catalog-and-certifications-download\/","og_locale":"fr_FR","og_type":"article","og_title":"centre de t\u00e9l\u00e9chargement - Shanghai Custom Packaging Co., Ltd","og_description":"T\u00e9l\u00e9chargez notre catalogue, nos certifications, ainsi que des mod\u00e8les de d\u00e9coupe de bo\u00eetes d'emballage utiles. Si vous avez des questions, n'h\u00e9sitez pas \u00e0 nous contacter.","og_url":"https:\/\/boxpackingsolution.com\/catalog-and-certifications-download\/","og_site_name":"Shanghai Custom Packaging Co., Ltd","article_publisher":"https:\/\/www.facebook.com\/shanghaicustompackaging\/","article_modified_time":"2023-06-30T07:32:14+00:00","og_image":[{"width":1280,"height":1280,"url":"https:\/\/boxpackingsolution.com\/wp-content\/uploads\/2020\/09\/Download-Center.jpg","type":"image\/jpeg"}],"twitter_card":"summary_large_image","twitter_site":"@custompacking","twitter_misc":{"Dur\u00e9e de lecture estim\u00e9e":"3 minutes"},"schema":{"@context":"https:\/\/schema.org","@graph":[{"@type":"WebPage","@id":"https:\/\/boxpackingsolution.com\/catalog-and-certifications-download\/","url":"https:\/\/boxpackingsolution.com\/catalog-and-certifications-download\/","name":"centre de t\u00e9l\u00e9chargement - Shanghai Custom Packaging Co., Ltd","isPartOf":{"@id":"https:\/\/boxpackingsolution.com\/#website"},"primaryImageOfPage":{"@id":"https:\/\/boxpackingsolution.com\/catalog-and-certifications-download\/#primaryimage"},"image":{"@id":"https:\/\/boxpackingsolution.com\/catalog-and-certifications-download\/#primaryimage"},"thumbnailUrl":"https:\/\/boxpackingsolution.com\/wp-content\/uploads\/2020\/09\/Download-Center.jpg","datePublished":"2019-09-01T01:36:08+00:00","dateModified":"2023-06-30T07:32:14+00:00","description":"T\u00e9l\u00e9chargez notre catalogue, nos certifications, ainsi que des mod\u00e8les de d\u00e9coupe de bo\u00eetes d'emballage utiles. Si vous avez des questions, n'h\u00e9sitez pas \u00e0 nous contacter.","breadcrumb":{"@id":"https:\/\/boxpackingsolution.com\/catalog-and-certifications-download\/#breadcrumb"},"inLanguage":"fr-FR","potentialAction":[{"@type":"ReadAction","target":["https:\/\/boxpackingsolution.com\/catalog-and-certifications-download\/"]}]},{"@type":"ImageObject","inLanguage":"fr-FR","@id":"https:\/\/boxpackingsolution.com\/catalog-and-certifications-download\/#primaryimage","url":"https:\/\/boxpackingsolution.com\/wp-content\/uploads\/2020\/09\/Download-Center.jpg","contentUrl":"https:\/\/boxpackingsolution.com\/wp-content\/uploads\/2020\/09\/Download-Center.jpg","width":1280,"height":1280,"caption":"Download Center"},{"@type":"BreadcrumbList","@id":"https:\/\/boxpackingsolution.com\/catalog-and-certifications-download\/#breadcrumb","itemListElement":[{"@type":"ListItem","position":1,"name":"Home","item":"https:\/\/boxpackingsolution.com\/fr\/"},{"@type":"ListItem","position":2,"name":"centre de t\u00e9l\u00e9chargement"}]},{"@type":"WebSite","@id":"https:\/\/boxpackingsolution.com\/#website","url":"https:\/\/boxpackingsolution.com\/","name":"Shanghai Custom Packaging Co., Ltd","description":"A Professional Custom Boxes Supplier","publisher":{"@id":"https:\/\/boxpackingsolution.com\/#organization"},"alternateName":"SCP","potentialAction":[{"@type":"SearchAction","target":{"@type":"EntryPoint","urlTemplate":"https:\/\/boxpackingsolution.com\/?s={search_term_string}"},"query-input":{"@type":"PropertyValueSpecification","valueRequired":true,"valueName":"search_term_string"}}],"inLanguage":"fr-FR"},{"@type":"Organization","@id":"https:\/\/boxpackingsolution.com\/#organization","name":"Shanghai Custom Packaging Co., Ltd","alternateName":"SCP","url":"https:\/\/boxpackingsolution.com\/","logo":{"@type":"ImageObject","inLanguage":"fr-FR","@id":"https:\/\/boxpackingsolution.com\/#\/schema\/logo\/image\/","url":"https:\/\/boxpackingsolution.com\/wp-content\/uploads\/2019\/09\/BPS-logo-2x-retina-size.png","contentUrl":"https:\/\/boxpackingsolution.com\/wp-content\/uploads\/2019\/09\/BPS-logo-2x-retina-size.png","width":252,"height":84,"caption":"Shanghai Custom Packaging Co., Ltd"},"image":{"@id":"https:\/\/boxpackingsolution.com\/#\/schema\/logo\/image\/"},"sameAs":["https:\/\/www.facebook.com\/shanghaicustompackaging\/","https:\/\/x.com\/custompacking","https:\/\/www.youtube.com\/@packagingbox"]}]}},"_links":{"self":[{"href":"https:\/\/boxpackingsolution.com\/fr\/wp-json\/wp\/v2\/pages\/45975","targetHints":{"allow":["GET"]}}],"collection":[{"href":"https:\/\/boxpackingsolution.com\/fr\/wp-json\/wp\/v2\/pages"}],"about":[{"href":"https:\/\/boxpackingsolution.com\/fr\/wp-json\/wp\/v2\/types\/page"}],"author":[{"embeddable":true,"href":"https:\/\/boxpackingsolution.com\/fr\/wp-json\/wp\/v2\/users\/1"}],"replies":[{"embeddable":true,"href":"https:\/\/boxpackingsolution.com\/fr\/wp-json\/wp\/v2\/comments?post=45975"}],"version-history":[{"count":0,"href":"https:\/\/boxpackingsolution.com\/fr\/wp-json\/wp\/v2\/pages\/45975\/revisions"}],"wp:featuredmedia":[{"embeddable":true,"href":"https:\/\/boxpackingsolution.com\/fr\/wp-json\/wp\/v2\/media\/43516"}],"wp:attachment":[{"href":"https:\/\/boxpackingsolution.com\/fr\/wp-json\/wp\/v2\/media?parent=45975"}],"curies":[{"name":"wp","href":"https:\/\/api.w.org\/{rel}","templated":true}]}}