{"id":46423,"date":"2019-09-01T08:57:24","date_gmt":"2019-09-01T00:57:24","guid":{"rendered":"https:\/\/boxpackingsolution.com\/solution-demballage\/"},"modified":"2023-07-02T14:55:10","modified_gmt":"2023-07-02T06:55:10","slug":"solution-demballage","status":"publish","type":"page","link":"https:\/\/boxpackingsolution.com\/fr\/solution-demballage\/","title":{"rendered":"Solution d&#8217;emballage"},"content":{"rendered":"<div class=\"fusion-fullwidth fullwidth-box fusion-builder-row-1 fusion-flex-container has-pattern-background has-mask-background nonhundred-percent-fullwidth non-hundred-percent-height-scrolling\" style=\"--awb-border-radius-top-left:0px;--awb-border-radius-top-right:0px;--awb-border-radius-bottom-right:0px;--awb-border-radius-bottom-left:0px;--awb-flex-wrap:wrap;\" ><div class=\"fusion-builder-row fusion-row fusion-flex-align-items-flex-start fusion-flex-content-wrap\" style=\"max-width:1216.8px;margin-left: calc(-4% \/ 2 );margin-right: calc(-4% \/ 2 );\"><div class=\"fusion-layout-column fusion_builder_column fusion-builder-column-0 fusion_builder_column_1_1 1_1 fusion-flex-column\" style=\"--awb-bg-size:cover;--awb-width-large:100%;--awb-margin-top-large:0px;--awb-spacing-right-large:1.92%;--awb-margin-bottom-large:20px;--awb-spacing-left-large:1.92%;--awb-width-medium:100%;--awb-order-medium:0;--awb-spacing-right-medium:1.92%;--awb-spacing-left-medium:1.92%;--awb-width-small:100%;--awb-order-small:0;--awb-spacing-right-small:1.92%;--awb-spacing-left-small:1.92%;\"><div class=\"fusion-column-wrapper fusion-column-has-shadow fusion-flex-justify-content-flex-start fusion-content-layout-column\"><div class=\"fusion-text fusion-text-1\"><h1>Solutions d&#8217;emballage en carton<\/h1>\n<p>Chez <a href=\"https:\/\/boxpackingsolution.com\/fr\/\" target=\"_new\" rel=\"noopener\">Box Packing Solution<\/a>, nous proposons une large gamme de solutions d&#8217;emballage en carton pour tous les besoins de votre entreprise. Nos solutions d&#8217;emballage sont con\u00e7ues pour r\u00e9pondre aux exigences sp\u00e9cifiques de diff\u00e9rentes industries, y compris l&rsquo;habillement et la chaussure, l&rsquo;horlogerie, la bi\u00e8re et le vin, les aliments frais, le macaron, le caf\u00e9, les produits de beaut\u00e9, les extensions de cheveux, les bo\u00eetes \u00e0 cils, les ampoules LED, les tasses et les casques VR. . Chacune de nos solutions d&#8217;emballage est personnalisable pour garantir que votre produit est emball\u00e9 et exp\u00e9di\u00e9 d&rsquo;une mani\u00e8re qui correspond parfaitement \u00e0 votre marque et \u00e0 votre produit. <\/p>\n<h2>Solution d&#8217;emballage de v\u00eatements et de chaussures<\/h2>\n<p>Si vous \u00eates dans l&rsquo;industrie du v\u00eatement ou de la chaussure, vous savez \u00e0 quel point il est important d&rsquo;avoir un emballage de haute qualit\u00e9 qui prot\u00e8ge vos produits tout en les mettant en valeur de mani\u00e8re attrayante. Nos v\u00eatements et bo\u00eetes \u00e0 chaussures personnalis\u00e9s sont con\u00e7us dans un souci de protection et d&rsquo;esth\u00e9tique. Avec notre solution d&#8217;emballage pour v\u00eatements et chaussures, vous pouvez \u00eatre assur\u00e9 que vos produits arriveront en parfait \u00e9tat et vos clients seront impressionn\u00e9s par la qualit\u00e9 de votre emballage. Lien interne : <a href=\"https:\/\/boxpackingsolution.com\/fr\/emballage-de-vetements-et-de-chaussures\/\" target=\"_new\" rel=\"noopener\">Bo\u00eetes \u00e0 v\u00eatements personnalis\u00e9es et Bo\u00eetes \u00e0 chaussures personnalis\u00e9es<\/a>  <\/p>\n<h2>Solution d&#8217;emballage de montres<\/h2>\n<p>Les montres sont des articles d\u00e9licats qui n\u00e9cessitent un emballage soign\u00e9 pour garantir leur arriv\u00e9e en parfait \u00e9tat. Nos bo\u00eetes \u00e0 montres personnalis\u00e9es sont con\u00e7ues pour prot\u00e9ger vos montres contre les dommages lors de l&rsquo;exp\u00e9dition et du stockage. Avec notre solution d&#8217;emballage de montres, vous pouvez \u00eatre s\u00fbr que vos montres arriveront en toute s\u00e9curit\u00e9 et vos clients seront impressionn\u00e9s par la qualit\u00e9 de votre emballage. Lien interne : <a href=\"https:\/\/boxpackingsolution.com\/fr\/boites-a-montres-personnalisees\/\" target=\"_new\" rel=\"noopener\">bo\u00eetes de montre personnalis\u00e9es<\/a>  <\/p>\n<h2>Solution d&#8217;emballage de bi\u00e8re et de vin<\/h2>\n<p>Que vous soyez dans l&rsquo;industrie de la bi\u00e8re ou du vin, vous savez \u00e0 quel point il est important d&rsquo;avoir un emballage qui non seulement prot\u00e8ge vos produits, mais am\u00e9liore \u00e9galement leur attrait. Notre porte-bi\u00e8re et nos bo\u00eetes \u00e0 vin personnalis\u00e9s sont con\u00e7us pour faire exactement cela. Avec notre solution d&#8217;emballage de bi\u00e8re et de vin, vous pouvez \u00eatre s\u00fbr que vos produits arriveront en toute s\u00e9curit\u00e9 et vos clients seront impressionn\u00e9s par la qualit\u00e9 de votre emballage. Lien interne : <a href=\"https:\/\/boxpackingsolution.com\/fr\/solution-demballage-de-boissons\/\" target=\"_new\" rel=\"noopener\">porte-bi\u00e8re et bo\u00eetes \u00e0 vin personnalis\u00e9s<\/a>  <\/p>\n<h3>Solution d&#8217;emballage de vin<\/h3>\n<p>Les bouteilles de vin sont des articles d\u00e9licats qui n\u00e9cessitent un emballage sp\u00e9cial pour \u00e9viter les bris lors de l&rsquo;exp\u00e9dition et de la manutention. Nos solutions d&#8217;emballage pour le vin sont con\u00e7ues pour prot\u00e9ger vos bouteilles de vin et renforcer leur attractivit\u00e9. Avec notre solution d&#8217;emballage de vin, vous pouvez \u00eatre s\u00fbr que vos bouteilles de vin arriveront en toute s\u00e9curit\u00e9 et avec style. Lien interne : <a href=\"https:\/\/boxpackingsolution.com\/fr\/solution-demballage-de-boissons\/solutions-demballage-du-vin\/\" target=\"_new\" rel=\"noopener\">Solutions d&#8217;emballage du vin<\/a>  <\/p>\n<h2>Solution d&#8217;emballage alimentaire frais<\/h2>\n<p>Les produits alimentaires frais n\u00e9cessitent un emballage qui non seulement les prot\u00e8ge mais aide \u00e9galement \u00e0 pr\u00e9server leur fra\u00eecheur. Nos bo\u00eetes \u00e0 fruits, bo\u00eetes \u00e0 l\u00e9gumes et bo\u00eetes cir\u00e9es personnalis\u00e9es sont con\u00e7ues pour faire exactement cela. Avec notre solution d&#8217;emballage de produits frais, vous pouvez \u00eatre s\u00fbr que vos produits arriveront en excellent \u00e9tat et vos clients appr\u00e9cieront la qualit\u00e9 de votre emballage. Lien interne : <a href=\"https:\/\/boxpackingsolution.com\/fr\/emballage-de-boite-de-nourriture-fraiche\/\" target=\"_new\" rel=\"noopener\">bo\u00eetes de fruits personnalis\u00e9es, bo\u00eetes de l\u00e9gumes et bo\u00eetes cir\u00e9es<\/a>  <\/p>\n<h2>Solution d&#8217;emballage de macarons<\/h2>\n<p>Les macarons sont des friandises d\u00e9licates qui n\u00e9cessitent une manipulation et un emballage soigneux. Nos bo\u00eetes d&#8217;emballage de macarons sur mesure sont con\u00e7ues pour prot\u00e9ger vos macarons et les mettre en valeur de mani\u00e8re attrayante. Avec notre solution d&#8217;emballage de macarons, vous pouvez \u00eatre s\u00fbr que vos macarons arriveront en toute s\u00e9curit\u00e9 et avec style. Lien interne : <a href=\"https:\/\/boxpackingsolution.com\/custom-macaron-packaging-boxes\/\" target=\"_new\" rel=\"noopener\">Bo\u00eetes d&#8217;emballage personnalis\u00e9es pour macarons<\/a>  <\/p>\n<h2>Solution d&#8217;emballage de grains de caf\u00e9 et de poudre<\/h2>\n<p>Nos bo\u00eetes d&#8217;emballage de caf\u00e9 sont con\u00e7ues pour garder vos grains et poudre de caf\u00e9 en s\u00e9curit\u00e9 et frais pendant le transport. Nous offrons une gamme de solutions d&#8217;emballage de caf\u00e9 qui peuvent \u00eatre personnalis\u00e9es pour r\u00e9pondre \u00e0 vos besoins sp\u00e9cifiques. <a href=\"https:\/\/boxpackingsolution.com\/fr\/boite-demballage-de-cafe\/\" target=\"_new\" rel=\"noopener\">Cliquez ici<\/a> pour en savoir plus sur notre solution d&#8217;emballage de grains de caf\u00e9 et de poudre. <\/p>\n<h2>Solution d&#8217;emballage de produits de beaut\u00e9<\/h2>\n<p>Si vous vendez des produits de beaut\u00e9, vous savez \u00e0 quel point il est important d&rsquo;avoir un emballage \u00e0 la fois fonctionnel et attrayant. C&rsquo;est l\u00e0 qu&rsquo;interviennent nos solutions d&#8217;emballage de produits de beaut\u00e9. Chez Box Packing Solution, nous proposons une vari\u00e9t\u00e9 d&rsquo;options d&#8217;emballages cosm\u00e9tiques et d&#8217;emballages de produits de beaut\u00e9 personnalis\u00e9s qui vous aideront \u00e0 pr\u00e9senter vos produits sous le meilleur jour possible. Nos solutions d&#8217;emballage de produits de beaut\u00e9 comprennent tout, des bo\u00eetes de rouge \u00e0 l\u00e8vres et des bo\u00eetes de parfum aux coffrets cadeaux personnalis\u00e9s et plus encore. Nous travaillons en \u00e9troite collaboration avec nos clients pour nous assurer que leurs emballages r\u00e9pondent \u00e0 leurs besoins et sp\u00e9cifications uniques. Que vous recherchiez un emballage \u00e9l\u00e9gant et sophistiqu\u00e9 ou quelque chose de plus ludique et fantaisiste, nous avons ce qu&rsquo;il vous faut.  <\/p>\n<p><a href=\"https:\/\/boxpackingsolution.com\/fr\/emballage-beaute-sante\/\" target=\"_new\" rel=\"noopener\">D\u00e9couvrez notre gamme compl\u00e8te d&rsquo;options d&#8217;emballage de produits cosm\u00e9tiques et de beaut\u00e9 ici.<\/a><\/p>\n<h2>Solution d&#8217;emballage d&rsquo;extension de cheveux<\/h2>\n<p>Les extensions de cheveux sont un accessoire de beaut\u00e9 populaire, et elles m\u00e9ritent un emballage aussi \u00e9l\u00e9gant et de haute qualit\u00e9 que les extensions elles-m\u00eames. Chez Box Packing Solution, nous proposons des solutions d&#8217;emballage d&rsquo;extensions de cheveux personnalis\u00e9es \u00e0 la fois fonctionnelles et attrayantes. Nos solutions d&#8217;emballage d&rsquo;extensions de cheveux sont disponibles dans une vari\u00e9t\u00e9 de formes et de tailles, y compris des bo\u00eetes, des sacs et des pochettes. Nous pouvons \u00e9galement personnaliser l&#8217;emballage pour inclure votre image de marque et d&rsquo;autres \u00e9l\u00e9ments de conception uniques. <\/p>\n<p><a href=\"https:\/\/boxpackingsolution.com\/high-quality-custom-hair-extension-packaging\/\" target=\"_new\" rel=\"noopener\">En savoir plus sur nos options d&#8217;emballage d&rsquo;extensions de cheveux personnalis\u00e9es ici.<\/a><\/p>\n<h2>Solution d&#8217;emballage de bo\u00eete \u00e0 cils<\/h2>\n<p>Notre solution d&#8217;emballage de bo\u00eetes \u00e0 cils personnalis\u00e9es est parfaite pour les entreprises qui souhaitent se d\u00e9marquer dans l&rsquo;industrie hautement comp\u00e9titive de la beaut\u00e9. Nous offrons une vari\u00e9t\u00e9 de tailles et de designs pour s&rsquo;adapter \u00e0 diff\u00e9rents styles et pr\u00e9f\u00e9rences. Nos bo\u00eetes \u00e0 cils sont fabriqu\u00e9es dans un mat\u00e9riau en carton de haute qualit\u00e9 qui assure durabilit\u00e9 et protection. D\u00e9couvrez notre <a href=\"https:\/\/boxpackingsolution.com\/fr\/boites-a-cils-personnalisees\/\" target=\"_new\" rel=\"noopener\">solution d&#8217;emballage de bo\u00eetes \u00e0 cils<\/a> pour plus d&rsquo;informations.  <\/p>\n<h2>Solution d&#8217;emballage d&rsquo;ampoules LED<\/h2>\n<p>Les ampoules LED sont de plus en plus populaires car elles sont plus \u00e9conomes en \u00e9nergie et plus \u00e9cologiques que les ampoules \u00e0 incandescence traditionnelles. Notre solution d&#8217;emballage d&rsquo;ampoules LED personnalis\u00e9es est con\u00e7ue pour prot\u00e9ger les ampoules LED pendant le transport et la manutention. Nos emballages sont faits d&rsquo;un mat\u00e9riau en carton durable et robuste qui offre une protection maximale contre les chocs et les dommages. Visitez notre page de <a href=\"https:\/\/boxpackingsolution.com\/fr\/boites-dampoules-led-personnalisees\/\" target=\"_new\" rel=\"noopener\">solutions d&#8217;emballage d&rsquo;ampoules LED<\/a> pour en savoir plus.  <\/p>\n<h2>Solution d&#8217;emballage de gobelets<\/h2>\n<p>Les gobelets sont un article courant dans les m\u00e9nages et les bureaux, ce qui en fait un produit promotionnel populaire pour les entreprises. Notre solution d&#8217;emballage de tasses personnalis\u00e9es offre un excellent moyen de marquer et de promouvoir votre entreprise tout en prot\u00e9geant le produit pendant le transport. Nous offrons une vari\u00e9t\u00e9 de tailles et de conceptions pour r\u00e9pondre \u00e0 diff\u00e9rents besoins. Consultez notre page sur les <a href=\"https:\/\/boxpackingsolution.com\/fr\/boites-demballage-de-tasse-de-tasse-personnalisees\/\" target=\"_new\" rel=\"noopener\">solutions d&#8217;emballage de mugs<\/a> pour plus d&rsquo;informations.  <\/p>\n<h2>Solution d&#8217;emballage de casque VR<\/h2>\n<p>Les casques de r\u00e9alit\u00e9 virtuelle (VR) sont de plus en plus populaires dans diverses industries, telles que les jeux et l&rsquo;\u00e9ducation. Notre solution d&#8217;emballage de casque VR personnalis\u00e9e est con\u00e7ue pour prot\u00e9ger les composants d\u00e9licats des casques VR pendant l&rsquo;exp\u00e9dition et la manutention. Nous proposons une gamme de mod\u00e8les et de tailles pour s&rsquo;adapter \u00e0 diff\u00e9rents casques VR. Visitez notre page de <a href=\"https:\/\/boxpackingsolution.com\/fr\/boites-de-casque-vr-personnalisees\/\" target=\"_new\" rel=\"noopener\">solution d&#8217;emballage de casque VR<\/a> pour en savoir plus sur nos offres.  <\/p>\n<\/div><\/div><\/div><\/div><\/div>\n","protected":false},"excerpt":{"rendered":"","protected":false},"author":1,"featured_media":0,"parent":0,"menu_order":0,"comment_status":"closed","ping_status":"closed","template":"","meta":{"footnotes":""},"class_list":["post-46423","page","type-page","status-publish","hentry"],"yoast_head":"<!-- This site is optimized with the Yoast SEO plugin v27.3 - https:\/\/yoast.com\/product\/yoast-seo-wordpress\/ -->\n<title>Solutions d&#039;emballage en carton personnalis\u00e9es | Solution d&#039;emballage de bo\u00eetes<\/title>\n<meta name=\"description\" content=\"Shanghai BPS propose une large gamme de solutions d&#039;emballage personnalis\u00e9es pour r\u00e9pondre \u00e0 vos besoins uniques. Des bo\u00eetes personnalis\u00e9es \u00e0 la conception d&#039;emballages, nous avons tout ce dont vous avez besoin pour cr\u00e9er une solution d&#039;emballage parfaite pour votre entreprise. Contactez-nous d\u00e8s aujourd&#039;hui pour des solutions d&#039;emballage de haute qualit\u00e9 et abordables.\" \/>\n<meta name=\"robots\" content=\"index, follow, max-snippet:-1, max-image-preview:large, max-video-preview:-1\" \/>\n<link rel=\"canonical\" href=\"https:\/\/boxpackingsolution.com\/packaging-solution\/\" \/>\n<meta property=\"og:locale\" content=\"fr_FR\" \/>\n<meta property=\"og:type\" content=\"article\" \/>\n<meta property=\"og:title\" content=\"Solutions d&#039;emballage en carton personnalis\u00e9es | Solution d&#039;emballage de bo\u00eetes\" \/>\n<meta property=\"og:description\" content=\"Shanghai BPS propose une large gamme de solutions d&#039;emballage personnalis\u00e9es pour r\u00e9pondre \u00e0 vos besoins uniques. Des bo\u00eetes personnalis\u00e9es \u00e0 la conception d&#039;emballages, nous avons tout ce dont vous avez besoin pour cr\u00e9er une solution d&#039;emballage parfaite pour votre entreprise. Contactez-nous d\u00e8s aujourd&#039;hui pour des solutions d&#039;emballage de haute qualit\u00e9 et abordables.\" \/>\n<meta property=\"og:url\" content=\"https:\/\/boxpackingsolution.com\/packaging-solution\/\" \/>\n<meta property=\"og:site_name\" content=\"Shanghai Custom Packaging Co., Ltd\" \/>\n<meta property=\"article:publisher\" content=\"https:\/\/www.facebook.com\/shanghaicustompackaging\/\" \/>\n<meta property=\"article:modified_time\" content=\"2023-07-02T06:55:10+00:00\" \/>\n<meta property=\"og:image\" content=\"https:\/\/boxpackingsolution.com\/wp-content\/uploads\/2020\/06\/Corporation-History.jpg\" \/>\n\t<meta property=\"og:image:width\" content=\"2000\" \/>\n\t<meta property=\"og:image:height\" content=\"1044\" \/>\n\t<meta property=\"og:image:type\" content=\"image\/jpeg\" \/>\n<meta name=\"twitter:card\" content=\"summary_large_image\" \/>\n<meta name=\"twitter:site\" content=\"@custompacking\" \/>\n<meta name=\"twitter:label1\" content=\"Dur\u00e9e de lecture estim\u00e9e\" \/>\n\t<meta name=\"twitter:data1\" content=\"10 minutes\" \/>\n<script type=\"application\/ld+json\" class=\"yoast-schema-graph\">{\"@context\":\"https:\\\/\\\/schema.org\",\"@graph\":[{\"@type\":\"WebPage\",\"@id\":\"https:\\\/\\\/boxpackingsolution.com\\\/packaging-solution\\\/\",\"url\":\"https:\\\/\\\/boxpackingsolution.com\\\/packaging-solution\\\/\",\"name\":\"Solutions d'emballage en carton personnalis\u00e9es | Solution d'emballage de bo\u00eetes\",\"isPartOf\":{\"@id\":\"https:\\\/\\\/boxpackingsolution.com\\\/#website\"},\"datePublished\":\"2019-09-01T00:57:24+00:00\",\"dateModified\":\"2023-07-02T06:55:10+00:00\",\"description\":\"Shanghai BPS propose une large gamme de solutions d'emballage personnalis\u00e9es pour r\u00e9pondre \u00e0 vos besoins uniques. Des bo\u00eetes personnalis\u00e9es \u00e0 la conception d'emballages, nous avons tout ce dont vous avez besoin pour cr\u00e9er une solution d'emballage parfaite pour votre entreprise. Contactez-nous d\u00e8s aujourd'hui pour des solutions d'emballage de haute qualit\u00e9 et abordables.\",\"breadcrumb\":{\"@id\":\"https:\\\/\\\/boxpackingsolution.com\\\/packaging-solution\\\/#breadcrumb\"},\"inLanguage\":\"fr-FR\",\"potentialAction\":[{\"@type\":\"ReadAction\",\"target\":[\"https:\\\/\\\/boxpackingsolution.com\\\/packaging-solution\\\/\"]}]},{\"@type\":\"BreadcrumbList\",\"@id\":\"https:\\\/\\\/boxpackingsolution.com\\\/packaging-solution\\\/#breadcrumb\",\"itemListElement\":[{\"@type\":\"ListItem\",\"position\":1,\"name\":\"Home\",\"item\":\"https:\\\/\\\/boxpackingsolution.com\\\/fr\\\/\"},{\"@type\":\"ListItem\",\"position\":2,\"name\":\"Solution d&#8217;emballage\"}]},{\"@type\":\"WebSite\",\"@id\":\"https:\\\/\\\/boxpackingsolution.com\\\/#website\",\"url\":\"https:\\\/\\\/boxpackingsolution.com\\\/\",\"name\":\"Shanghai Custom Packaging Co., Ltd\",\"description\":\"A Professional Custom Boxes Supplier\",\"publisher\":{\"@id\":\"https:\\\/\\\/boxpackingsolution.com\\\/#organization\"},\"alternateName\":\"SCP\",\"potentialAction\":[{\"@type\":\"SearchAction\",\"target\":{\"@type\":\"EntryPoint\",\"urlTemplate\":\"https:\\\/\\\/boxpackingsolution.com\\\/?s={search_term_string}\"},\"query-input\":{\"@type\":\"PropertyValueSpecification\",\"valueRequired\":true,\"valueName\":\"search_term_string\"}}],\"inLanguage\":\"fr-FR\"},{\"@type\":\"Organization\",\"@id\":\"https:\\\/\\\/boxpackingsolution.com\\\/#organization\",\"name\":\"Shanghai Custom Packaging Co., Ltd\",\"alternateName\":\"SCP\",\"url\":\"https:\\\/\\\/boxpackingsolution.com\\\/\",\"logo\":{\"@type\":\"ImageObject\",\"inLanguage\":\"fr-FR\",\"@id\":\"https:\\\/\\\/boxpackingsolution.com\\\/#\\\/schema\\\/logo\\\/image\\\/\",\"url\":\"https:\\\/\\\/boxpackingsolution.com\\\/wp-content\\\/uploads\\\/2019\\\/09\\\/BPS-logo-2x-retina-size.png\",\"contentUrl\":\"https:\\\/\\\/boxpackingsolution.com\\\/wp-content\\\/uploads\\\/2019\\\/09\\\/BPS-logo-2x-retina-size.png\",\"width\":252,\"height\":84,\"caption\":\"Shanghai Custom Packaging Co., Ltd\"},\"image\":{\"@id\":\"https:\\\/\\\/boxpackingsolution.com\\\/#\\\/schema\\\/logo\\\/image\\\/\"},\"sameAs\":[\"https:\\\/\\\/www.facebook.com\\\/shanghaicustompackaging\\\/\",\"https:\\\/\\\/x.com\\\/custompacking\",\"https:\\\/\\\/www.youtube.com\\\/@packagingbox\"]}]}<\/script>\n<!-- \/ Yoast SEO plugin. -->","yoast_head_json":{"title":"Solutions d'emballage en carton personnalis\u00e9es | Solution d'emballage de bo\u00eetes","description":"Shanghai BPS propose une large gamme de solutions d'emballage personnalis\u00e9es pour r\u00e9pondre \u00e0 vos besoins uniques. Des bo\u00eetes personnalis\u00e9es \u00e0 la conception d'emballages, nous avons tout ce dont vous avez besoin pour cr\u00e9er une solution d'emballage parfaite pour votre entreprise. Contactez-nous d\u00e8s aujourd'hui pour des solutions d'emballage de haute qualit\u00e9 et abordables.","robots":{"index":"index","follow":"follow","max-snippet":"max-snippet:-1","max-image-preview":"max-image-preview:large","max-video-preview":"max-video-preview:-1"},"canonical":"https:\/\/boxpackingsolution.com\/packaging-solution\/","og_locale":"fr_FR","og_type":"article","og_title":"Solutions d'emballage en carton personnalis\u00e9es | Solution d'emballage de bo\u00eetes","og_description":"Shanghai BPS propose une large gamme de solutions d'emballage personnalis\u00e9es pour r\u00e9pondre \u00e0 vos besoins uniques. Des bo\u00eetes personnalis\u00e9es \u00e0 la conception d'emballages, nous avons tout ce dont vous avez besoin pour cr\u00e9er une solution d'emballage parfaite pour votre entreprise. Contactez-nous d\u00e8s aujourd'hui pour des solutions d'emballage de haute qualit\u00e9 et abordables.","og_url":"https:\/\/boxpackingsolution.com\/packaging-solution\/","og_site_name":"Shanghai Custom Packaging Co., Ltd","article_publisher":"https:\/\/www.facebook.com\/shanghaicustompackaging\/","article_modified_time":"2023-07-02T06:55:10+00:00","og_image":[{"width":2000,"height":1044,"url":"https:\/\/boxpackingsolution.com\/wp-content\/uploads\/2020\/06\/Corporation-History.jpg","type":"image\/jpeg"}],"twitter_card":"summary_large_image","twitter_site":"@custompacking","twitter_misc":{"Dur\u00e9e de lecture estim\u00e9e":"10 minutes"},"schema":{"@context":"https:\/\/schema.org","@graph":[{"@type":"WebPage","@id":"https:\/\/boxpackingsolution.com\/packaging-solution\/","url":"https:\/\/boxpackingsolution.com\/packaging-solution\/","name":"Solutions d'emballage en carton personnalis\u00e9es | Solution d'emballage de bo\u00eetes","isPartOf":{"@id":"https:\/\/boxpackingsolution.com\/#website"},"datePublished":"2019-09-01T00:57:24+00:00","dateModified":"2023-07-02T06:55:10+00:00","description":"Shanghai BPS propose une large gamme de solutions d'emballage personnalis\u00e9es pour r\u00e9pondre \u00e0 vos besoins uniques. Des bo\u00eetes personnalis\u00e9es \u00e0 la conception d'emballages, nous avons tout ce dont vous avez besoin pour cr\u00e9er une solution d'emballage parfaite pour votre entreprise. Contactez-nous d\u00e8s aujourd'hui pour des solutions d'emballage de haute qualit\u00e9 et abordables.","breadcrumb":{"@id":"https:\/\/boxpackingsolution.com\/packaging-solution\/#breadcrumb"},"inLanguage":"fr-FR","potentialAction":[{"@type":"ReadAction","target":["https:\/\/boxpackingsolution.com\/packaging-solution\/"]}]},{"@type":"BreadcrumbList","@id":"https:\/\/boxpackingsolution.com\/packaging-solution\/#breadcrumb","itemListElement":[{"@type":"ListItem","position":1,"name":"Home","item":"https:\/\/boxpackingsolution.com\/fr\/"},{"@type":"ListItem","position":2,"name":"Solution d&#8217;emballage"}]},{"@type":"WebSite","@id":"https:\/\/boxpackingsolution.com\/#website","url":"https:\/\/boxpackingsolution.com\/","name":"Shanghai Custom Packaging Co., Ltd","description":"A Professional Custom Boxes Supplier","publisher":{"@id":"https:\/\/boxpackingsolution.com\/#organization"},"alternateName":"SCP","potentialAction":[{"@type":"SearchAction","target":{"@type":"EntryPoint","urlTemplate":"https:\/\/boxpackingsolution.com\/?s={search_term_string}"},"query-input":{"@type":"PropertyValueSpecification","valueRequired":true,"valueName":"search_term_string"}}],"inLanguage":"fr-FR"},{"@type":"Organization","@id":"https:\/\/boxpackingsolution.com\/#organization","name":"Shanghai Custom Packaging Co., Ltd","alternateName":"SCP","url":"https:\/\/boxpackingsolution.com\/","logo":{"@type":"ImageObject","inLanguage":"fr-FR","@id":"https:\/\/boxpackingsolution.com\/#\/schema\/logo\/image\/","url":"https:\/\/boxpackingsolution.com\/wp-content\/uploads\/2019\/09\/BPS-logo-2x-retina-size.png","contentUrl":"https:\/\/boxpackingsolution.com\/wp-content\/uploads\/2019\/09\/BPS-logo-2x-retina-size.png","width":252,"height":84,"caption":"Shanghai Custom Packaging Co., Ltd"},"image":{"@id":"https:\/\/boxpackingsolution.com\/#\/schema\/logo\/image\/"},"sameAs":["https:\/\/www.facebook.com\/shanghaicustompackaging\/","https:\/\/x.com\/custompacking","https:\/\/www.youtube.com\/@packagingbox"]}]}},"_links":{"self":[{"href":"https:\/\/boxpackingsolution.com\/fr\/wp-json\/wp\/v2\/pages\/46423","targetHints":{"allow":["GET"]}}],"collection":[{"href":"https:\/\/boxpackingsolution.com\/fr\/wp-json\/wp\/v2\/pages"}],"about":[{"href":"https:\/\/boxpackingsolution.com\/fr\/wp-json\/wp\/v2\/types\/page"}],"author":[{"embeddable":true,"href":"https:\/\/boxpackingsolution.com\/fr\/wp-json\/wp\/v2\/users\/1"}],"replies":[{"embeddable":true,"href":"https:\/\/boxpackingsolution.com\/fr\/wp-json\/wp\/v2\/comments?post=46423"}],"version-history":[{"count":0,"href":"https:\/\/boxpackingsolution.com\/fr\/wp-json\/wp\/v2\/pages\/46423\/revisions"}],"wp:attachment":[{"href":"https:\/\/boxpackingsolution.com\/fr\/wp-json\/wp\/v2\/media?parent=46423"}],"curies":[{"name":"wp","href":"https:\/\/api.w.org\/{rel}","templated":true}]}}